{"id":5175,"date":"2025-10-11T13:51:17","date_gmt":"2025-10-11T19:51:17","guid":{"rendered":"https:\/\/gomobilitypv.com\/?post_type=product&#038;p=5175"},"modified":"2026-01-21T14:56:49","modified_gmt":"2026-01-21T20:56:49","slug":"andadera-rollator-con-posapies","status":"publish","type":"product","link":"https:\/\/gomobilitypv.com\/es\/producto\/andadera-rollator-con-posapies\/","title":{"rendered":"4 Wheel Electric Scooter Wheelchair"},"content":{"rendered":"<p data-start=\"43\" data-end=\"193\">Los Scooters y sillas el\u00e9ctricas Todoterreno est\u00e1n dise\u00f1ados para que realices tus actividades tanto en interiores como en exteriores, de manera c\u00f3moda y segura.<\/p>\n<ul>\n<li>Panel de control para operar la movilidad del scooter: Dial de ajuste de velocidad, indicador de encendido, palanca de mando e interruptor de llave.<\/li>\n<li>Bater\u00eda recargable integrada, incluye un cargador especial que solo debe utilizarse para este modelo.<\/li>\n<li>M\u00f3ntalo y desm\u00f3ntalo f\u00e1cilmente. Su estructura de acero ofrece resistencia y durabilidad.<\/li>\n<li>Las ruedas texturizadas te permiten andar sobre cualquier superficie, incluso subir pendientes de hasta 10\u00b0 de inclinaci\u00f3n.<\/li>\n<li>Cuenta con elementos de seguridad como luz LED frontal, claxon y ruedas traseras antivuelco.<\/li>\n<li>The seat rotates 360\u00b0, is adjustable to 3 heights, detachable, and comes with a removable vinyl cover for easy cleaning; it also has a storage pouch.<\/li>\n<li>El asiento es giratorio a 360\u00b0, ajustable a 3 alturas, desmontable y con funda removible de vinipiel para poder limpiarla f\u00e1cilmente, asimismo, tiene una bolsa porta objetos.<\/li>\n<li>Descansabrazos plegables y ajustables para mayor comodidad.<\/li>\n<li>Mu\u00e9velo o el\u00e9valo f\u00e1cilmente con las 2 asas integradas en el chasis.<\/li>\n<\/ul>\n<p>&nbsp;<\/p>\n<p><strong><span class=\"a-text-bold\">Characteristics:<\/span><\/strong><\/p>\n<ul>\n<li>Interruptor de llave.<\/li>\n<li>Dial de ajuste de velocidad.<\/li>\n<li>Indicador de encendido.<\/li>\n<li>Estructura de acero.<\/li>\n<li>Chasis de policarbonato.<\/li>\n<li>Ruedas texturizadas.<\/li>\n<li>Luz LED frontal.<\/li>\n<li>Claxon.<\/li>\n<li>Ruedas antivuelco.<\/li>\n<li>Asiento giratorio a 360\u00b0 y ajustable a 3 alturas.<\/li>\n<li>Funda del asiento hecha de vinil.<\/li>\n<li>Bolsa porta objetos en asiento.<\/li>\n<li>Canasta desmontable con asa.<\/li>\n<li>Descansabrazos plegables y ajustables.<\/li>\n<li>Manubrio ajustable con distintas inclinaciones.<\/li>\n<li>Palancas direccionales.<\/li>\n<li>Bater\u00eda recargable.<\/li>\n<li>Orificios para colocar espejos retrovisores.<\/li>\n<\/ul>\n<p>&nbsp;<\/p>\n<p><strong><span class=\"a-text-bold\">Characteristics:<\/span><\/strong>\u200e<\/p>\n<ul>\n<li>Radio de giro m\u00ednimo: 1,650 mm.<\/li>\n<li>Velocidad m\u00e1xima: 6 km\/h.<\/li>\n<li>Velocidad m\u00e1xima segura para girar: 5.5 km\/h.<\/li>\n<li>Especificaci\u00f3n del motor: 24V \/ 180 W x 1.<\/li>\n<li>Especificaci\u00f3n de la bater\u00eda: 12V \/ 12 Ah x 2.<\/li>\n<li>Corriente m\u00e1xima de salida del controlador: 45 A.<\/li>\n<li>Corriente m\u00e1xima de salida del cargador: 2A.<\/li>\n<li>Peso l\u00edmite del scooter: 120 kg (265 lb).<\/li>\n<li>Ruedas de 8\" (Todo Terreno)<\/li>\n<\/ul>","protected":false},"excerpt":{"rendered":"<p>Disfruta de mayor independencia, tanto en interiores como en exteriores, con este resistente scooter el\u00e9ctrico de movilidad de 4 ruedas de Sanezy. Fabricado con un s\u00f3lido marco de acero y ruedas todoterreno de 8\", ofrece un panel de control completo (dial de velocidad, indicador de encendido, interruptor de llave y palanca de mando), adem\u00e1s de un sistema de bater\u00edas recargables. Incorpora funciones de seguridad como luz LED frontal, claxon y ruedas traseras antivuelco.<\/p>","protected":false},"featured_media":5367,"comment_status":"open","ping_status":"closed","template":"","meta":[],"product_brand":[],"product_cat":[57],"product_tag":[],"class_list":{"0":"post-5175","1":"product","2":"type-product","3":"status-publish","4":"has-post-thumbnail","6":"product_cat-scooters","8":"first","9":"instock","10":"sold-individually","11":"taxable","12":"shipping-taxable","13":"purchasable","14":"product-type-backhoe_bookin_product"},"yoast_head":"<!-- This site is optimized with the Yoast SEO plugin v27.0 - https:\/\/yoast.com\/product\/yoast-seo-wordpress\/ -->\n<title>4 Wheel Electric Scooter Wheelchair | Gomobilitypv<\/title>\n<meta name=\"description\" content=\"renta de scooters el\u00e9ctricos Puerto Vallarta\" \/>\n<meta name=\"robots\" content=\"index, follow, max-snippet:-1, max-image-preview:large, max-video-preview:-1\" \/>\n<link rel=\"canonical\" href=\"https:\/\/gomobilitypv.com\/es\/producto\/andadera-rollator-con-posapies\/\" \/>\n<meta property=\"og:locale\" content=\"es_MX\" \/>\n<meta property=\"og:type\" content=\"article\" \/>\n<meta property=\"og:title\" content=\"4 Wheel Electric Scooter Wheelchair | Gomobilitypv\" \/>\n<meta property=\"og:description\" content=\"renta de scooters el\u00e9ctricos Puerto Vallarta\" \/>\n<meta property=\"og:url\" content=\"https:\/\/gomobilitypv.com\/es\/producto\/andadera-rollator-con-posapies\/\" \/>\n<meta property=\"og:site_name\" content=\"Gomobilitypv\" \/>\n<meta property=\"article:modified_time\" content=\"2026-01-21T20:56:49+00:00\" \/>\n<meta property=\"og:image\" content=\"https:\/\/i0.wp.com\/gomobilitypv.com\/wp-content\/uploads\/2025\/10\/sc1-1.jpg?fit=1062%2C1087&ssl=1\" \/>\n\t<meta property=\"og:image:width\" content=\"1062\" \/>\n\t<meta property=\"og:image:height\" content=\"1087\" \/>\n\t<meta property=\"og:image:type\" content=\"image\/jpeg\" \/>\n<meta name=\"twitter:card\" content=\"summary_large_image\" \/>\n<meta name=\"twitter:label1\" content=\"Tiempo de lectura\" \/>\n\t<meta name=\"twitter:data1\" content=\"1 minuto\" \/>\n<script type=\"application\/ld+json\" class=\"yoast-schema-graph\">{\"@context\":\"https:\/\/schema.org\",\"@graph\":[{\"@type\":\"WebPage\",\"@id\":\"https:\/\/gomobilitypv.com\/producto\/andadera-rollator-con-posapies\/\",\"url\":\"https:\/\/gomobilitypv.com\/producto\/andadera-rollator-con-posapies\/\",\"name\":\"4 Wheel Electric Scooter Wheelchair | Gomobilitypv\",\"isPartOf\":{\"@id\":\"https:\/\/gomobilitypv.com\/#website\"},\"primaryImageOfPage\":{\"@id\":\"https:\/\/gomobilitypv.com\/producto\/andadera-rollator-con-posapies\/#primaryimage\"},\"image\":{\"@id\":\"https:\/\/gomobilitypv.com\/producto\/andadera-rollator-con-posapies\/#primaryimage\"},\"thumbnailUrl\":\"https:\/\/i0.wp.com\/gomobilitypv.com\/wp-content\/uploads\/2025\/10\/sc1-1.jpg?fit=1062%2C1087&ssl=1\",\"datePublished\":\"2025-10-11T19:51:17+00:00\",\"dateModified\":\"2026-01-21T20:56:49+00:00\",\"description\":\"renta de scooters el\u00e9ctricos Puerto Vallarta\",\"breadcrumb\":{\"@id\":\"https:\/\/gomobilitypv.com\/producto\/andadera-rollator-con-posapies\/#breadcrumb\"},\"inLanguage\":\"es\",\"potentialAction\":[{\"@type\":\"ReadAction\",\"target\":[\"https:\/\/gomobilitypv.com\/producto\/andadera-rollator-con-posapies\/\"]}]},{\"@type\":\"ImageObject\",\"inLanguage\":\"es\",\"@id\":\"https:\/\/gomobilitypv.com\/producto\/andadera-rollator-con-posapies\/#primaryimage\",\"url\":\"https:\/\/i0.wp.com\/gomobilitypv.com\/wp-content\/uploads\/2025\/10\/sc1-1.jpg?fit=1062%2C1087&ssl=1\",\"contentUrl\":\"https:\/\/i0.wp.com\/gomobilitypv.com\/wp-content\/uploads\/2025\/10\/sc1-1.jpg?fit=1062%2C1087&ssl=1\",\"width\":1062,\"height\":1087},{\"@type\":\"BreadcrumbList\",\"@id\":\"https:\/\/gomobilitypv.com\/producto\/andadera-rollator-con-posapies\/#breadcrumb\",\"itemListElement\":[{\"@type\":\"ListItem\",\"position\":1,\"name\":\"Portada\",\"item\":\"https:\/\/gomobilitypv.com\/\"},{\"@type\":\"ListItem\",\"position\":2,\"name\":\"Shop\",\"item\":\"https:\/\/gomobilitypv.com\/tienda\/\"},{\"@type\":\"ListItem\",\"position\":3,\"name\":\"4 Wheel Electric Scooter Wheelchair\"}]},{\"@type\":\"WebSite\",\"@id\":\"https:\/\/gomobilitypv.com\/#website\",\"url\":\"https:\/\/gomobilitypv.com\/\",\"name\":\"Gomobilitypv\",\"description\":\"Equipment rental for people with reduced mobility, older adults or in rehabilitation processes.\",\"publisher\":{\"@id\":\"https:\/\/gomobilitypv.com\/#organization\"},\"alternateName\":\"Renta de Scooters El\u00e9ctricos en Puerto Vallarta | GomobilityPV\",\"potentialAction\":[{\"@type\":\"SearchAction\",\"target\":{\"@type\":\"EntryPoint\",\"urlTemplate\":\"https:\/\/gomobilitypv.com\/?s={search_term_string}\"},\"query-input\":{\"@type\":\"PropertyValueSpecification\",\"valueRequired\":true,\"valueName\":\"search_term_string\"}}],\"inLanguage\":\"es\"},{\"@type\":\"Organization\",\"@id\":\"https:\/\/gomobilitypv.com\/#organization\",\"name\":\"Gomobilitypv\",\"url\":\"https:\/\/gomobilitypv.com\/\",\"logo\":{\"@type\":\"ImageObject\",\"inLanguage\":\"es\",\"@id\":\"https:\/\/gomobilitypv.com\/#\/schema\/logo\/image\/\",\"url\":\"https:\/\/i0.wp.com\/gomobilitypv.com\/wp-content\/uploads\/2025\/10\/GMPV_LogoColor-SINFONDO-1.png?fit=738%2C564&ssl=1\",\"contentUrl\":\"https:\/\/i0.wp.com\/gomobilitypv.com\/wp-content\/uploads\/2025\/10\/GMPV_LogoColor-SINFONDO-1.png?fit=738%2C564&ssl=1\",\"width\":738,\"height\":564,\"caption\":\"Gomobilitypv\"},\"image\":{\"@id\":\"https:\/\/gomobilitypv.com\/#\/schema\/logo\/image\/\"}}]}<\/script>\n<!-- \/ Yoast SEO plugin. -->","yoast_head_json":{"title":"4 Wheel Electric Scooter Wheelchair | Gomobilitypv","description":"renta de scooters el\u00e9ctricos Puerto Vallarta","robots":{"index":"index","follow":"follow","max-snippet":"max-snippet:-1","max-image-preview":"max-image-preview:large","max-video-preview":"max-video-preview:-1"},"canonical":"https:\/\/gomobilitypv.com\/es\/producto\/andadera-rollator-con-posapies\/","og_locale":"es_MX","og_type":"article","og_title":"4 Wheel Electric Scooter Wheelchair | Gomobilitypv","og_description":"renta de scooters el\u00e9ctricos Puerto Vallarta","og_url":"https:\/\/gomobilitypv.com\/es\/producto\/andadera-rollator-con-posapies\/","og_site_name":"Gomobilitypv","article_modified_time":"2026-01-21T20:56:49+00:00","og_image":[{"width":1062,"height":1087,"url":"https:\/\/i0.wp.com\/gomobilitypv.com\/wp-content\/uploads\/2025\/10\/sc1-1.jpg?fit=1062%2C1087&ssl=1","type":"image\/jpeg"}],"twitter_card":"summary_large_image","twitter_misc":{"Tiempo de lectura":"1 minuto"},"schema":{"@context":"https:\/\/schema.org","@graph":[{"@type":"WebPage","@id":"https:\/\/gomobilitypv.com\/producto\/andadera-rollator-con-posapies\/","url":"https:\/\/gomobilitypv.com\/producto\/andadera-rollator-con-posapies\/","name":"4 Wheel Electric Scooter Wheelchair | Gomobilitypv","isPartOf":{"@id":"https:\/\/gomobilitypv.com\/#website"},"primaryImageOfPage":{"@id":"https:\/\/gomobilitypv.com\/producto\/andadera-rollator-con-posapies\/#primaryimage"},"image":{"@id":"https:\/\/gomobilitypv.com\/producto\/andadera-rollator-con-posapies\/#primaryimage"},"thumbnailUrl":"https:\/\/i0.wp.com\/gomobilitypv.com\/wp-content\/uploads\/2025\/10\/sc1-1.jpg?fit=1062%2C1087&ssl=1","datePublished":"2025-10-11T19:51:17+00:00","dateModified":"2026-01-21T20:56:49+00:00","description":"renta de scooters el\u00e9ctricos Puerto Vallarta","breadcrumb":{"@id":"https:\/\/gomobilitypv.com\/producto\/andadera-rollator-con-posapies\/#breadcrumb"},"inLanguage":"es","potentialAction":[{"@type":"ReadAction","target":["https:\/\/gomobilitypv.com\/producto\/andadera-rollator-con-posapies\/"]}]},{"@type":"ImageObject","inLanguage":"es","@id":"https:\/\/gomobilitypv.com\/producto\/andadera-rollator-con-posapies\/#primaryimage","url":"https:\/\/i0.wp.com\/gomobilitypv.com\/wp-content\/uploads\/2025\/10\/sc1-1.jpg?fit=1062%2C1087&ssl=1","contentUrl":"https:\/\/i0.wp.com\/gomobilitypv.com\/wp-content\/uploads\/2025\/10\/sc1-1.jpg?fit=1062%2C1087&ssl=1","width":1062,"height":1087},{"@type":"BreadcrumbList","@id":"https:\/\/gomobilitypv.com\/producto\/andadera-rollator-con-posapies\/#breadcrumb","itemListElement":[{"@type":"ListItem","position":1,"name":"Portada","item":"https:\/\/gomobilitypv.com\/"},{"@type":"ListItem","position":2,"name":"Shop","item":"https:\/\/gomobilitypv.com\/tienda\/"},{"@type":"ListItem","position":3,"name":"4 Wheel Electric Scooter Wheelchair"}]},{"@type":"WebSite","@id":"https:\/\/gomobilitypv.com\/#website","url":"https:\/\/gomobilitypv.com\/","name":"Gomobilitypv","description":"Equipment rental for people with reduced mobility, older adults or in rehabilitation processes.","publisher":{"@id":"https:\/\/gomobilitypv.com\/#organization"},"alternateName":"Renta de Scooters El\u00e9ctricos en Puerto Vallarta | GomobilityPV","potentialAction":[{"@type":"SearchAction","target":{"@type":"EntryPoint","urlTemplate":"https:\/\/gomobilitypv.com\/?s={search_term_string}"},"query-input":{"@type":"PropertyValueSpecification","valueRequired":true,"valueName":"search_term_string"}}],"inLanguage":"es"},{"@type":"Organization","@id":"https:\/\/gomobilitypv.com\/#organization","name":"Gomobilitypv","url":"https:\/\/gomobilitypv.com\/","logo":{"@type":"ImageObject","inLanguage":"es","@id":"https:\/\/gomobilitypv.com\/#\/schema\/logo\/image\/","url":"https:\/\/i0.wp.com\/gomobilitypv.com\/wp-content\/uploads\/2025\/10\/GMPV_LogoColor-SINFONDO-1.png?fit=738%2C564&ssl=1","contentUrl":"https:\/\/i0.wp.com\/gomobilitypv.com\/wp-content\/uploads\/2025\/10\/GMPV_LogoColor-SINFONDO-1.png?fit=738%2C564&ssl=1","width":738,"height":564,"caption":"Gomobilitypv"},"image":{"@id":"https:\/\/gomobilitypv.com\/#\/schema\/logo\/image\/"}}]}},"jetpack_sharing_enabled":true,"_links":{"self":[{"href":"https:\/\/gomobilitypv.com\/es\/wp-json\/wp\/v2\/product\/5175","targetHints":{"allow":["GET"]}}],"collection":[{"href":"https:\/\/gomobilitypv.com\/es\/wp-json\/wp\/v2\/product"}],"about":[{"href":"https:\/\/gomobilitypv.com\/es\/wp-json\/wp\/v2\/types\/product"}],"replies":[{"embeddable":true,"href":"https:\/\/gomobilitypv.com\/es\/wp-json\/wp\/v2\/comments?post=5175"}],"wp:featuredmedia":[{"embeddable":true,"href":"https:\/\/gomobilitypv.com\/es\/wp-json\/wp\/v2\/media\/5367"}],"wp:attachment":[{"href":"https:\/\/gomobilitypv.com\/es\/wp-json\/wp\/v2\/media?parent=5175"}],"wp:term":[{"taxonomy":"product_brand","embeddable":true,"href":"https:\/\/gomobilitypv.com\/es\/wp-json\/wp\/v2\/product_brand?post=5175"},{"taxonomy":"product_cat","embeddable":true,"href":"https:\/\/gomobilitypv.com\/es\/wp-json\/wp\/v2\/product_cat?post=5175"},{"taxonomy":"product_tag","embeddable":true,"href":"https:\/\/gomobilitypv.com\/es\/wp-json\/wp\/v2\/product_tag?post=5175"}],"curies":[{"name":"wp","href":"https:\/\/api.w.org\/{rel}","templated":true}]}}