{"id":5400,"date":"2025-11-21T12:53:25","date_gmt":"2025-11-21T18:53:25","guid":{"rendered":"https:\/\/gomobilitypv.com\/?post_type=product&#038;p=5400"},"modified":"2025-11-21T13:02:26","modified_gmt":"2025-11-21T19:02:26","slug":"movili-extra-wide-24-inch-wheelchair","status":"publish","type":"product","link":"https:\/\/gomobilitypv.com\/es\/producto\/movili-extra-wide-24-inch-wheelchair\/","title":{"rendered":"Silla de Ruedas MOVILI Extra-Ancha de 24 Pulgadas"},"content":{"rendered":"<ul>\n<li>Fabricada en acero extra resistente y dise\u00f1o estructural con refuerzos de soldadura en puntos cr\u00edticos, doble cruceta y doble corredera met\u00e1lica vertical para mayor resistencia y una capacidad de peso de Usuario de 160 a 200Kg, dependiendo del modelo<\/li>\n<li>Descansabrazos cortos desmontables acojinados tipo escritorio que facilitan al Usuario acercarse a mesas y efectuar transferencias laterales.<\/li>\n<li>Disponibles con soportes descansapi\u00e9s (DA) abatibles y desmontables con pedales de composite extra resistentes y taloneras incluidas, ancho de 20, 22 y 24 pulgadas.<\/li>\n<li>Nuevas llantas delanteras de 8\u201d x 2\u201d con rines Heavy Duty y horquillas en resistente aluminio; ruedas traseras de 24\u201d Semi Neum\u00e1ticas con rines MAG negros y aros motr\u00edces de aluminio cromado tipo automotriz al igual que el chasis de la silla de rueda<\/li>\n<\/ul>","protected":false},"excerpt":{"rendered":"<p>Silla de Ruedas MOVILI Extra-Ancha de 24 Pulgadas, cromada con Tapicer\u00eda de PVC negro y Ruedas Traseras Salidas de 24 Pulgadas<\/p>","protected":false},"featured_media":5406,"comment_status":"open","ping_status":"closed","template":"","meta":[],"product_brand":[],"product_cat":[55],"product_tag":[],"class_list":{"0":"post-5400","1":"product","2":"type-product","3":"status-publish","4":"has-post-thumbnail","6":"product_cat-wheelchair","8":"first","9":"instock","10":"taxable","11":"shipping-taxable","12":"product-type-backhoe_bookin_product"},"yoast_head":"<!-- This site is optimized with the Yoast SEO plugin v27.0 - https:\/\/yoast.com\/product\/yoast-seo-wordpress\/ -->\n<title>MOVILI Extra-Wide 24-Inch Wheelchair | Gomobilitypv<\/title>\n<meta name=\"description\" content=\"renta de scooters el\u00e9ctricos Puerto Vallarta\" \/>\n<meta name=\"robots\" content=\"index, follow, max-snippet:-1, max-image-preview:large, max-video-preview:-1\" \/>\n<link rel=\"canonical\" href=\"https:\/\/gomobilitypv.com\/es\/producto\/movili-extra-wide-24-inch-wheelchair\/\" \/>\n<meta property=\"og:locale\" content=\"es_MX\" \/>\n<meta property=\"og:type\" content=\"article\" \/>\n<meta property=\"og:title\" content=\"MOVILI Extra-Wide 24-Inch Wheelchair | Gomobilitypv\" \/>\n<meta property=\"og:description\" content=\"renta de scooters el\u00e9ctricos Puerto Vallarta\" \/>\n<meta property=\"og:url\" content=\"https:\/\/gomobilitypv.com\/es\/producto\/movili-extra-wide-24-inch-wheelchair\/\" \/>\n<meta property=\"og:site_name\" content=\"Gomobilitypv\" \/>\n<meta property=\"article:modified_time\" content=\"2025-11-21T19:02:26+00:00\" \/>\n<meta property=\"og:image\" content=\"https:\/\/i0.wp.com\/gomobilitypv.com\/wp-content\/uploads\/2025\/11\/si2-1.png?fit=600%2C600&ssl=1\" \/>\n\t<meta property=\"og:image:width\" content=\"600\" \/>\n\t<meta property=\"og:image:height\" content=\"600\" \/>\n\t<meta property=\"og:image:type\" content=\"image\/png\" \/>\n<meta name=\"twitter:card\" content=\"summary_large_image\" \/>\n<meta name=\"twitter:label1\" content=\"Tiempo de lectura\" \/>\n\t<meta name=\"twitter:data1\" content=\"1 minuto\" \/>\n<script type=\"application\/ld+json\" class=\"yoast-schema-graph\">{\"@context\":\"https:\/\/schema.org\",\"@graph\":[{\"@type\":\"WebPage\",\"@id\":\"https:\/\/gomobilitypv.com\/producto\/movili-extra-wide-24-inch-wheelchair\/\",\"url\":\"https:\/\/gomobilitypv.com\/producto\/movili-extra-wide-24-inch-wheelchair\/\",\"name\":\"MOVILI Extra-Wide 24-Inch Wheelchair | Gomobilitypv\",\"isPartOf\":{\"@id\":\"https:\/\/gomobilitypv.com\/#website\"},\"primaryImageOfPage\":{\"@id\":\"https:\/\/gomobilitypv.com\/producto\/movili-extra-wide-24-inch-wheelchair\/#primaryimage\"},\"image\":{\"@id\":\"https:\/\/gomobilitypv.com\/producto\/movili-extra-wide-24-inch-wheelchair\/#primaryimage\"},\"thumbnailUrl\":\"https:\/\/i0.wp.com\/gomobilitypv.com\/wp-content\/uploads\/2025\/11\/si2-1.png?fit=600%2C600&ssl=1\",\"datePublished\":\"2025-11-21T18:53:25+00:00\",\"dateModified\":\"2025-11-21T19:02:26+00:00\",\"description\":\"renta de scooters el\u00e9ctricos Puerto Vallarta\",\"breadcrumb\":{\"@id\":\"https:\/\/gomobilitypv.com\/producto\/movili-extra-wide-24-inch-wheelchair\/#breadcrumb\"},\"inLanguage\":\"es\",\"potentialAction\":[{\"@type\":\"ReadAction\",\"target\":[\"https:\/\/gomobilitypv.com\/producto\/movili-extra-wide-24-inch-wheelchair\/\"]}]},{\"@type\":\"ImageObject\",\"inLanguage\":\"es\",\"@id\":\"https:\/\/gomobilitypv.com\/producto\/movili-extra-wide-24-inch-wheelchair\/#primaryimage\",\"url\":\"https:\/\/i0.wp.com\/gomobilitypv.com\/wp-content\/uploads\/2025\/11\/si2-1.png?fit=600%2C600&ssl=1\",\"contentUrl\":\"https:\/\/i0.wp.com\/gomobilitypv.com\/wp-content\/uploads\/2025\/11\/si2-1.png?fit=600%2C600&ssl=1\",\"width\":600,\"height\":600},{\"@type\":\"BreadcrumbList\",\"@id\":\"https:\/\/gomobilitypv.com\/producto\/movili-extra-wide-24-inch-wheelchair\/#breadcrumb\",\"itemListElement\":[{\"@type\":\"ListItem\",\"position\":1,\"name\":\"Portada\",\"item\":\"https:\/\/gomobilitypv.com\/\"},{\"@type\":\"ListItem\",\"position\":2,\"name\":\"Shop\",\"item\":\"https:\/\/gomobilitypv.com\/tienda\/\"},{\"@type\":\"ListItem\",\"position\":3,\"name\":\"MOVILI Extra-Wide 24-Inch Wheelchair\"}]},{\"@type\":\"WebSite\",\"@id\":\"https:\/\/gomobilitypv.com\/#website\",\"url\":\"https:\/\/gomobilitypv.com\/\",\"name\":\"Gomobilitypv\",\"description\":\"Equipment rental for people with reduced mobility, older adults or in rehabilitation processes.\",\"publisher\":{\"@id\":\"https:\/\/gomobilitypv.com\/#organization\"},\"alternateName\":\"Renta de Scooters El\u00e9ctricos en Puerto Vallarta | GomobilityPV\",\"potentialAction\":[{\"@type\":\"SearchAction\",\"target\":{\"@type\":\"EntryPoint\",\"urlTemplate\":\"https:\/\/gomobilitypv.com\/?s={search_term_string}\"},\"query-input\":{\"@type\":\"PropertyValueSpecification\",\"valueRequired\":true,\"valueName\":\"search_term_string\"}}],\"inLanguage\":\"es\"},{\"@type\":\"Organization\",\"@id\":\"https:\/\/gomobilitypv.com\/#organization\",\"name\":\"Gomobilitypv\",\"url\":\"https:\/\/gomobilitypv.com\/\",\"logo\":{\"@type\":\"ImageObject\",\"inLanguage\":\"es\",\"@id\":\"https:\/\/gomobilitypv.com\/#\/schema\/logo\/image\/\",\"url\":\"https:\/\/i0.wp.com\/gomobilitypv.com\/wp-content\/uploads\/2025\/10\/GMPV_LogoColor-SINFONDO-1.png?fit=738%2C564&ssl=1\",\"contentUrl\":\"https:\/\/i0.wp.com\/gomobilitypv.com\/wp-content\/uploads\/2025\/10\/GMPV_LogoColor-SINFONDO-1.png?fit=738%2C564&ssl=1\",\"width\":738,\"height\":564,\"caption\":\"Gomobilitypv\"},\"image\":{\"@id\":\"https:\/\/gomobilitypv.com\/#\/schema\/logo\/image\/\"}}]}<\/script>\n<!-- \/ Yoast SEO plugin. -->","yoast_head_json":{"title":"MOVILI Extra-Wide 24-Inch Wheelchair | Gomobilitypv","description":"renta de scooters el\u00e9ctricos Puerto Vallarta","robots":{"index":"index","follow":"follow","max-snippet":"max-snippet:-1","max-image-preview":"max-image-preview:large","max-video-preview":"max-video-preview:-1"},"canonical":"https:\/\/gomobilitypv.com\/es\/producto\/movili-extra-wide-24-inch-wheelchair\/","og_locale":"es_MX","og_type":"article","og_title":"MOVILI Extra-Wide 24-Inch Wheelchair | Gomobilitypv","og_description":"renta de scooters el\u00e9ctricos Puerto Vallarta","og_url":"https:\/\/gomobilitypv.com\/es\/producto\/movili-extra-wide-24-inch-wheelchair\/","og_site_name":"Gomobilitypv","article_modified_time":"2025-11-21T19:02:26+00:00","og_image":[{"width":600,"height":600,"url":"https:\/\/i0.wp.com\/gomobilitypv.com\/wp-content\/uploads\/2025\/11\/si2-1.png?fit=600%2C600&ssl=1","type":"image\/png"}],"twitter_card":"summary_large_image","twitter_misc":{"Tiempo de lectura":"1 minuto"},"schema":{"@context":"https:\/\/schema.org","@graph":[{"@type":"WebPage","@id":"https:\/\/gomobilitypv.com\/producto\/movili-extra-wide-24-inch-wheelchair\/","url":"https:\/\/gomobilitypv.com\/producto\/movili-extra-wide-24-inch-wheelchair\/","name":"MOVILI Extra-Wide 24-Inch Wheelchair | Gomobilitypv","isPartOf":{"@id":"https:\/\/gomobilitypv.com\/#website"},"primaryImageOfPage":{"@id":"https:\/\/gomobilitypv.com\/producto\/movili-extra-wide-24-inch-wheelchair\/#primaryimage"},"image":{"@id":"https:\/\/gomobilitypv.com\/producto\/movili-extra-wide-24-inch-wheelchair\/#primaryimage"},"thumbnailUrl":"https:\/\/i0.wp.com\/gomobilitypv.com\/wp-content\/uploads\/2025\/11\/si2-1.png?fit=600%2C600&ssl=1","datePublished":"2025-11-21T18:53:25+00:00","dateModified":"2025-11-21T19:02:26+00:00","description":"renta de scooters el\u00e9ctricos Puerto Vallarta","breadcrumb":{"@id":"https:\/\/gomobilitypv.com\/producto\/movili-extra-wide-24-inch-wheelchair\/#breadcrumb"},"inLanguage":"es","potentialAction":[{"@type":"ReadAction","target":["https:\/\/gomobilitypv.com\/producto\/movili-extra-wide-24-inch-wheelchair\/"]}]},{"@type":"ImageObject","inLanguage":"es","@id":"https:\/\/gomobilitypv.com\/producto\/movili-extra-wide-24-inch-wheelchair\/#primaryimage","url":"https:\/\/i0.wp.com\/gomobilitypv.com\/wp-content\/uploads\/2025\/11\/si2-1.png?fit=600%2C600&ssl=1","contentUrl":"https:\/\/i0.wp.com\/gomobilitypv.com\/wp-content\/uploads\/2025\/11\/si2-1.png?fit=600%2C600&ssl=1","width":600,"height":600},{"@type":"BreadcrumbList","@id":"https:\/\/gomobilitypv.com\/producto\/movili-extra-wide-24-inch-wheelchair\/#breadcrumb","itemListElement":[{"@type":"ListItem","position":1,"name":"Portada","item":"https:\/\/gomobilitypv.com\/"},{"@type":"ListItem","position":2,"name":"Shop","item":"https:\/\/gomobilitypv.com\/tienda\/"},{"@type":"ListItem","position":3,"name":"MOVILI Extra-Wide 24-Inch Wheelchair"}]},{"@type":"WebSite","@id":"https:\/\/gomobilitypv.com\/#website","url":"https:\/\/gomobilitypv.com\/","name":"Gomobilitypv","description":"Equipment rental for people with reduced mobility, older adults or in rehabilitation processes.","publisher":{"@id":"https:\/\/gomobilitypv.com\/#organization"},"alternateName":"Renta de Scooters El\u00e9ctricos en Puerto Vallarta | GomobilityPV","potentialAction":[{"@type":"SearchAction","target":{"@type":"EntryPoint","urlTemplate":"https:\/\/gomobilitypv.com\/?s={search_term_string}"},"query-input":{"@type":"PropertyValueSpecification","valueRequired":true,"valueName":"search_term_string"}}],"inLanguage":"es"},{"@type":"Organization","@id":"https:\/\/gomobilitypv.com\/#organization","name":"Gomobilitypv","url":"https:\/\/gomobilitypv.com\/","logo":{"@type":"ImageObject","inLanguage":"es","@id":"https:\/\/gomobilitypv.com\/#\/schema\/logo\/image\/","url":"https:\/\/i0.wp.com\/gomobilitypv.com\/wp-content\/uploads\/2025\/10\/GMPV_LogoColor-SINFONDO-1.png?fit=738%2C564&ssl=1","contentUrl":"https:\/\/i0.wp.com\/gomobilitypv.com\/wp-content\/uploads\/2025\/10\/GMPV_LogoColor-SINFONDO-1.png?fit=738%2C564&ssl=1","width":738,"height":564,"caption":"Gomobilitypv"},"image":{"@id":"https:\/\/gomobilitypv.com\/#\/schema\/logo\/image\/"}}]}},"jetpack_sharing_enabled":true,"_links":{"self":[{"href":"https:\/\/gomobilitypv.com\/es\/wp-json\/wp\/v2\/product\/5400","targetHints":{"allow":["GET"]}}],"collection":[{"href":"https:\/\/gomobilitypv.com\/es\/wp-json\/wp\/v2\/product"}],"about":[{"href":"https:\/\/gomobilitypv.com\/es\/wp-json\/wp\/v2\/types\/product"}],"replies":[{"embeddable":true,"href":"https:\/\/gomobilitypv.com\/es\/wp-json\/wp\/v2\/comments?post=5400"}],"wp:featuredmedia":[{"embeddable":true,"href":"https:\/\/gomobilitypv.com\/es\/wp-json\/wp\/v2\/media\/5406"}],"wp:attachment":[{"href":"https:\/\/gomobilitypv.com\/es\/wp-json\/wp\/v2\/media?parent=5400"}],"wp:term":[{"taxonomy":"product_brand","embeddable":true,"href":"https:\/\/gomobilitypv.com\/es\/wp-json\/wp\/v2\/product_brand?post=5400"},{"taxonomy":"product_cat","embeddable":true,"href":"https:\/\/gomobilitypv.com\/es\/wp-json\/wp\/v2\/product_cat?post=5400"},{"taxonomy":"product_tag","embeddable":true,"href":"https:\/\/gomobilitypv.com\/es\/wp-json\/wp\/v2\/product_tag?post=5400"}],"curies":[{"name":"wp","href":"https:\/\/api.w.org\/{rel}","templated":true}]}}